{"id":694,"date":"2025-01-14T12:32:55","date_gmt":"2025-01-14T11:32:55","guid":{"rendered":"https:\/\/seralux.com\/impressum\/"},"modified":"2025-09-09T17:58:16","modified_gmt":"2025-09-09T15:58:16","slug":"imprint","status":"publish","type":"page","link":"https:\/\/seralux.com\/en\/imprint\/","title":{"rendered":"Imprint"},"content":{"rendered":"\t\t<div data-elementor-type=\"wp-post\" data-elementor-id=\"694\" class=\"elementor elementor-694 elementor-423\" data-elementor-post-type=\"page\">\n\t\t\t\t<div class=\"elementor-element elementor-element-c3f43fe e-con-full e-flex e-con e-parent\" data-id=\"c3f43fe\" data-element_type=\"container\" data-e-type=\"container\" data-settings=\"{&quot;background_background&quot;:&quot;classic&quot;}\">\n\t\t<div class=\"elementor-element elementor-element-81ca359 e-con-full e-flex e-con e-child\" data-id=\"81ca359\" data-element_type=\"container\" data-e-type=\"container\">\n\t\t<div class=\"elementor-element elementor-element-d38d73d e-con-full e-flex e-con e-child\" data-id=\"d38d73d\" data-element_type=\"container\" data-e-type=\"container\">\n\t\t\t\t<div class=\"elementor-element elementor-element-df1e590 elementor-widget elementor-widget-heading\" data-id=\"df1e590\" data-element_type=\"widget\" data-e-type=\"widget\" data-settings=\"{&quot;ekit_we_effect_on&quot;:&quot;none&quot;}\" data-widget_type=\"heading.default\">\n\t\t\t\t<div class=\"elementor-widget-container\">\n\t\t\t\t\t<h2 class=\"elementor-heading-title elementor-size-default\">Impressum<\/h2>\t\t\t\t<\/div>\n\t\t\t\t<\/div>\n\t\t\t\t<div class=\"elementor-element elementor-element-a110cb6 elementor-widget elementor-widget-text-editor\" data-id=\"a110cb6\" data-element_type=\"widget\" data-e-type=\"widget\" data-settings=\"{&quot;ekit_we_effect_on&quot;:&quot;none&quot;}\" data-widget_type=\"text-editor.default\">\n\t\t\t\t<div class=\"elementor-widget-container\">\n\t\t\t\t\t\t\t\t\t<p><strong>Angaben gem\u00e4\u00df \u00a7 5 TMG<\/strong><\/p><p>Seralux GmbH<br \/>Feringastr. 13<br \/>85774 M\u00fcnchen-Unterf\u00f6hring<\/p><p>Handelsregister: HRB165168<br \/>Registergericht: M\u00fcnchen<\/p><p><strong>Vertreten durch:<\/strong><br \/>Seralux GmbH vertreten durch den Gesch\u00e4ftsf\u00fchrer Herrn Dipl. Kfm. Salah Atamna<\/p><p><strong>Kontakt<\/strong><\/p><p>Telefon: +49 (0)89 92792655<br \/>Telefax: +49 (0)89 92792657<br \/>E-Mail: info@seralux.com<\/p><p><strong>Umsatzsteuer-Identifikationsnummer gem\u00e4\u00df \u00a7 27 a Umsatzsteuergesetz:<\/strong><br \/>DE 252256196<\/p><p><strong>EU-Streitschlichtung<\/strong><\/p><p>Die Europ\u00e4ische Kommission stellt eine Plattform zur Online-Streitbeilegung (OS) bereit: https:\/\/ec.europa.eu\/consumers\/odr\/.<br \/>Unsere E-Mail-Adresse finden Sie oben im Impressum.<\/p><p><strong>Verbraucher\u00adstreit\u00adbeilegung\/Universal\u00adschlichtungs\u00adstelle<\/strong><\/p><p>Wir sind nicht bereit oder verpflichtet, an Streitbeilegungsverfahren vor einer Verbraucherschlichtungsstelle teilzunehmen.<\/p><p>Fotos: <a href=\"https:\/\/www.shutterstock.com\/de\/\" target=\"_blank\" rel=\"noopener\">Shutterstock<\/a>, <a href=\"https:\/\/www.istockphoto.com\/de\" target=\"_blank\" rel=\"noopener\">iStock by Getty Images<\/a>, <a href=\"https:\/\/klaushommer.com\/\" target=\"_blank\" rel=\"noopener\">Klaus Hommer Photography<\/a><\/p><p>Website: <a href=\"https:\/\/ankehommer.com\/\" target=\"_blank\" rel=\"noopener\">Anke Hommer | Markenberatung<\/a><\/p>\t\t\t\t\t\t\t\t<\/div>\n\t\t\t\t<\/div>\n\t\t\t\t<\/div>\n\t\t\t\t<\/div>\n\t\t\t\t<\/div>\n\t\t\t\t<\/div>\n\t\t","protected":false},"excerpt":{"rendered":"<p>Impressum Angaben gem\u00e4\u00df \u00a7 5 TMG Seralux GmbHFeringastr. 1385774 M\u00fcnchen-Unterf\u00f6hring Handelsregister: HRB165168Registergericht: M\u00fcnchen Vertreten durch:Seralux GmbH vertreten durch den Gesch\u00e4ftsf\u00fchrer Herrn Dipl. Kfm. Salah Atamna Kontakt Telefon: +49 (0)89 92792655Telefax: +49 (0)89 92792657E-Mail: info@seralux.com Umsatzsteuer-Identifikationsnummer gem\u00e4\u00df \u00a7 27 a Umsatzsteuergesetz:DE 252256196 EU-Streitschlichtung Die Europ\u00e4ische Kommission stellt eine Plattform zur Online-Streitbeilegung (OS) bereit: https:\/\/ec.europa.eu\/consumers\/odr\/.Unsere E-Mail-Adresse finden [&hellip;]<\/p>\n","protected":false},"author":1,"featured_media":0,"parent":0,"menu_order":0,"comment_status":"closed","ping_status":"closed","template":"","meta":{"footnotes":""},"class_list":["post-694","page","type-page","status-publish","hentry"],"yoast_head":"<!-- This site is optimized with the Yoast SEO plugin v27.5 - https:\/\/yoast.com\/product\/yoast-seo-wordpress\/ -->\n<title>Imprint - Seralux<\/title>\n<meta name=\"robots\" content=\"index, follow, max-snippet:-1, max-image-preview:large, max-video-preview:-1\" \/>\n<link rel=\"canonical\" href=\"https:\/\/seralux.com\/en\/imprint\/\" \/>\n<meta property=\"og:locale\" content=\"en_US\" \/>\n<meta property=\"og:type\" content=\"article\" \/>\n<meta property=\"og:title\" content=\"Imprint - Seralux\" \/>\n<meta property=\"og:description\" content=\"Impressum Angaben gem\u00e4\u00df \u00a7 5 TMG Seralux GmbHFeringastr. 1385774 M\u00fcnchen-Unterf\u00f6hring Handelsregister: HRB165168Registergericht: M\u00fcnchen Vertreten durch:Seralux GmbH vertreten durch den Gesch\u00e4ftsf\u00fchrer Herrn Dipl. Kfm. Salah Atamna Kontakt Telefon: +49 (0)89 92792655Telefax: +49 (0)89 92792657E-Mail: info@seralux.com Umsatzsteuer-Identifikationsnummer gem\u00e4\u00df \u00a7 27 a Umsatzsteuergesetz:DE 252256196 EU-Streitschlichtung Die Europ\u00e4ische Kommission stellt eine Plattform zur Online-Streitbeilegung (OS) bereit: https:\/\/ec.europa.eu\/consumers\/odr\/.Unsere E-Mail-Adresse finden [&hellip;]\" \/>\n<meta property=\"og:url\" content=\"https:\/\/seralux.com\/en\/imprint\/\" \/>\n<meta property=\"og:site_name\" content=\"Seralux\" \/>\n<meta property=\"article:publisher\" content=\"https:\/\/www.facebook.com\/seralux\" \/>\n<meta property=\"article:modified_time\" content=\"2025-09-09T15:58:16+00:00\" \/>\n<meta name=\"twitter:card\" content=\"summary_large_image\" \/>\n<meta name=\"twitter:label1\" content=\"Est. reading time\" \/>\n\t<meta name=\"twitter:data1\" content=\"1 minute\" \/>\n<script type=\"application\/ld+json\" class=\"yoast-schema-graph\">{\"@context\":\"https:\\\/\\\/schema.org\",\"@graph\":[{\"@type\":\"WebPage\",\"@id\":\"https:\\\/\\\/seralux.com\\\/en\\\/imprint\\\/\",\"url\":\"https:\\\/\\\/seralux.com\\\/en\\\/imprint\\\/\",\"name\":\"Imprint - Seralux\",\"isPartOf\":{\"@id\":\"https:\\\/\\\/seralux.com\\\/en\\\/#website\"},\"datePublished\":\"2025-01-14T11:32:55+00:00\",\"dateModified\":\"2025-09-09T15:58:16+00:00\",\"breadcrumb\":{\"@id\":\"https:\\\/\\\/seralux.com\\\/en\\\/imprint\\\/#breadcrumb\"},\"inLanguage\":\"en-US\",\"potentialAction\":[{\"@type\":\"ReadAction\",\"target\":[\"https:\\\/\\\/seralux.com\\\/en\\\/imprint\\\/\"]}]},{\"@type\":\"BreadcrumbList\",\"@id\":\"https:\\\/\\\/seralux.com\\\/en\\\/imprint\\\/#breadcrumb\",\"itemListElement\":[{\"@type\":\"ListItem\",\"position\":1,\"name\":\"Startseite\",\"item\":\"https:\\\/\\\/seralux.com\\\/en\\\/\"},{\"@type\":\"ListItem\",\"position\":2,\"name\":\"Imprint\"}]},{\"@type\":\"WebSite\",\"@id\":\"https:\\\/\\\/seralux.com\\\/en\\\/#website\",\"url\":\"https:\\\/\\\/seralux.com\\\/en\\\/\",\"name\":\"Seralux\",\"description\":\"Rental Cars, Limousinen Services &amp; Tours\",\"publisher\":{\"@id\":\"https:\\\/\\\/seralux.com\\\/en\\\/#organization\"},\"potentialAction\":[{\"@type\":\"SearchAction\",\"target\":{\"@type\":\"EntryPoint\",\"urlTemplate\":\"https:\\\/\\\/seralux.com\\\/en\\\/?s={search_term_string}\"},\"query-input\":{\"@type\":\"PropertyValueSpecification\",\"valueRequired\":true,\"valueName\":\"search_term_string\"}}],\"inLanguage\":\"en-US\"},{\"@type\":\"Organization\",\"@id\":\"https:\\\/\\\/seralux.com\\\/en\\\/#organization\",\"name\":\"Seralux\",\"url\":\"https:\\\/\\\/seralux.com\\\/en\\\/\",\"logo\":{\"@type\":\"ImageObject\",\"inLanguage\":\"en-US\",\"@id\":\"https:\\\/\\\/seralux.com\\\/en\\\/#\\\/schema\\\/logo\\\/image\\\/\",\"url\":\"https:\\\/\\\/seralux.com\\\/wp-content\\\/uploads\\\/2024\\\/11\\\/Element-1sera20.svg\",\"contentUrl\":\"https:\\\/\\\/seralux.com\\\/wp-content\\\/uploads\\\/2024\\\/11\\\/Element-1sera20.svg\",\"width\":164,\"height\":113,\"caption\":\"Seralux\"},\"image\":{\"@id\":\"https:\\\/\\\/seralux.com\\\/en\\\/#\\\/schema\\\/logo\\\/image\\\/\"},\"sameAs\":[\"https:\\\/\\\/www.facebook.com\\\/seralux\"]}]}<\/script>\n<!-- \/ Yoast SEO plugin. -->","yoast_head_json":{"title":"Imprint - Seralux","robots":{"index":"index","follow":"follow","max-snippet":"max-snippet:-1","max-image-preview":"max-image-preview:large","max-video-preview":"max-video-preview:-1"},"canonical":"https:\/\/seralux.com\/en\/imprint\/","og_locale":"en_US","og_type":"article","og_title":"Imprint - Seralux","og_description":"Impressum Angaben gem\u00e4\u00df \u00a7 5 TMG Seralux GmbHFeringastr. 1385774 M\u00fcnchen-Unterf\u00f6hring Handelsregister: HRB165168Registergericht: M\u00fcnchen Vertreten durch:Seralux GmbH vertreten durch den Gesch\u00e4ftsf\u00fchrer Herrn Dipl. Kfm. Salah Atamna Kontakt Telefon: +49 (0)89 92792655Telefax: +49 (0)89 92792657E-Mail: info@seralux.com Umsatzsteuer-Identifikationsnummer gem\u00e4\u00df \u00a7 27 a Umsatzsteuergesetz:DE 252256196 EU-Streitschlichtung Die Europ\u00e4ische Kommission stellt eine Plattform zur Online-Streitbeilegung (OS) bereit: https:\/\/ec.europa.eu\/consumers\/odr\/.Unsere E-Mail-Adresse finden [&hellip;]","og_url":"https:\/\/seralux.com\/en\/imprint\/","og_site_name":"Seralux","article_publisher":"https:\/\/www.facebook.com\/seralux","article_modified_time":"2025-09-09T15:58:16+00:00","twitter_card":"summary_large_image","twitter_misc":{"Est. reading time":"1 minute"},"schema":{"@context":"https:\/\/schema.org","@graph":[{"@type":"WebPage","@id":"https:\/\/seralux.com\/en\/imprint\/","url":"https:\/\/seralux.com\/en\/imprint\/","name":"Imprint - Seralux","isPartOf":{"@id":"https:\/\/seralux.com\/en\/#website"},"datePublished":"2025-01-14T11:32:55+00:00","dateModified":"2025-09-09T15:58:16+00:00","breadcrumb":{"@id":"https:\/\/seralux.com\/en\/imprint\/#breadcrumb"},"inLanguage":"en-US","potentialAction":[{"@type":"ReadAction","target":["https:\/\/seralux.com\/en\/imprint\/"]}]},{"@type":"BreadcrumbList","@id":"https:\/\/seralux.com\/en\/imprint\/#breadcrumb","itemListElement":[{"@type":"ListItem","position":1,"name":"Startseite","item":"https:\/\/seralux.com\/en\/"},{"@type":"ListItem","position":2,"name":"Imprint"}]},{"@type":"WebSite","@id":"https:\/\/seralux.com\/en\/#website","url":"https:\/\/seralux.com\/en\/","name":"Seralux","description":"Rental Cars, Limousinen Services &amp; Tours","publisher":{"@id":"https:\/\/seralux.com\/en\/#organization"},"potentialAction":[{"@type":"SearchAction","target":{"@type":"EntryPoint","urlTemplate":"https:\/\/seralux.com\/en\/?s={search_term_string}"},"query-input":{"@type":"PropertyValueSpecification","valueRequired":true,"valueName":"search_term_string"}}],"inLanguage":"en-US"},{"@type":"Organization","@id":"https:\/\/seralux.com\/en\/#organization","name":"Seralux","url":"https:\/\/seralux.com\/en\/","logo":{"@type":"ImageObject","inLanguage":"en-US","@id":"https:\/\/seralux.com\/en\/#\/schema\/logo\/image\/","url":"https:\/\/seralux.com\/wp-content\/uploads\/2024\/11\/Element-1sera20.svg","contentUrl":"https:\/\/seralux.com\/wp-content\/uploads\/2024\/11\/Element-1sera20.svg","width":164,"height":113,"caption":"Seralux"},"image":{"@id":"https:\/\/seralux.com\/en\/#\/schema\/logo\/image\/"},"sameAs":["https:\/\/www.facebook.com\/seralux"]}]}},"_links":{"self":[{"href":"https:\/\/seralux.com\/en\/wp-json\/wp\/v2\/pages\/694","targetHints":{"allow":["GET"]}}],"collection":[{"href":"https:\/\/seralux.com\/en\/wp-json\/wp\/v2\/pages"}],"about":[{"href":"https:\/\/seralux.com\/en\/wp-json\/wp\/v2\/types\/page"}],"author":[{"embeddable":true,"href":"https:\/\/seralux.com\/en\/wp-json\/wp\/v2\/users\/1"}],"replies":[{"embeddable":true,"href":"https:\/\/seralux.com\/en\/wp-json\/wp\/v2\/comments?post=694"}],"version-history":[{"count":5,"href":"https:\/\/seralux.com\/en\/wp-json\/wp\/v2\/pages\/694\/revisions"}],"predecessor-version":[{"id":2584,"href":"https:\/\/seralux.com\/en\/wp-json\/wp\/v2\/pages\/694\/revisions\/2584"}],"wp:attachment":[{"href":"https:\/\/seralux.com\/en\/wp-json\/wp\/v2\/media?parent=694"}],"curies":[{"name":"wp","href":"https:\/\/api.w.org\/{rel}","templated":true}]}}